{"id":625,"date":"2017-12-28T17:15:11","date_gmt":"2017-12-28T16:15:11","guid":{"rendered":"http:\/\/www.singakademie-stuttgart.de\/?page_id=625"},"modified":"2018-08-01T13:12:10","modified_gmt":"2018-08-01T11:12:10","slug":"22-09-2018-stadtbibliothek-stuttgart","status":"publish","type":"page","link":"https:\/\/www.singakademie-stuttgart.de\/index.php\/konzerte\/22-09-2018-stadtbibliothek-stuttgart\/","title":{"rendered":"22.09.2018 &#8211; Stadtbibliothek Stuttgart"},"content":{"rendered":"\t\t<div data-elementor-type=\"wp-post\" data-elementor-id=\"625\" class=\"elementor elementor-625 elementor-bc-flex-widget\" data-elementor-post-type=\"page\">\n\t\t\t\t\t\t<section class=\"elementor-section elementor-top-section elementor-element elementor-element-4f3ba519 elementor-section-boxed elementor-section-height-default elementor-section-height-default\" data-id=\"4f3ba519\" data-element_type=\"section\" data-e-type=\"section\">\n\t\t\t\t\t\t<div class=\"elementor-container elementor-column-gap-default\">\n\t\t\t\t\t<div class=\"elementor-column elementor-col-100 elementor-top-column elementor-element elementor-element-2465437d\" data-id=\"2465437d\" data-element_type=\"column\" data-e-type=\"column\">\n\t\t\t<div class=\"elementor-widget-wrap elementor-element-populated\">\n\t\t\t\t\t\t<div class=\"elementor-element elementor-element-62240229 elementor-widget elementor-widget-text-editor\" data-id=\"62240229\" data-element_type=\"widget\" data-e-type=\"widget\" data-widget_type=\"text-editor.default\">\n\t\t\t\t<div class=\"elementor-widget-container\">\n\t\t\t\t\t\t\t\t\t<h2>Wandelkonzert in der Stadtbibliothek Stuttgart<\/h2>\t\t\t\t\t\t\t\t<\/div>\n\t\t\t\t<\/div>\n\t\t\t\t<section class=\"elementor-section elementor-inner-section elementor-element elementor-element-d8a4088 elementor-section-full_width elementor-section-height-default elementor-section-height-default\" data-id=\"d8a4088\" data-element_type=\"section\" data-e-type=\"section\">\n\t\t\t\t\t\t<div class=\"elementor-container elementor-column-gap-default\">\n\t\t\t\t\t<div class=\"elementor-column elementor-col-50 elementor-inner-column elementor-element elementor-element-1c95132c\" data-id=\"1c95132c\" data-element_type=\"column\" data-e-type=\"column\">\n\t\t\t<div class=\"elementor-widget-wrap elementor-element-populated\">\n\t\t\t\t\t\t<div class=\"elementor-element elementor-element-27b38c61 elementor-widget elementor-widget-text-editor\" data-id=\"27b38c61\" data-element_type=\"widget\" data-e-type=\"widget\" data-widget_type=\"text-editor.default\">\n\t\t\t\t<div class=\"elementor-widget-container\">\n\t\t\t\t\t\t\t\t\t<h3>Programm<\/h3><ul><li><b>Robert Schumann<\/b> (1810-1856)\/arr. <b>Clytus Gottwald<\/b> (*1925):<br \/><strong>Mondnacht<\/strong> op. 39, Nr. 5 f\u00fcr sechsstimmigen Chor a cappella<\/li><\/ul><ul><li><b>Camille Saint-Sa\u00ebns<\/b> (1835-1921):<br \/><strong>Calme des nuits <\/strong>op. 68, Nr. 1 f\u00fcr vierstimmigen Chor a cappella<\/li><\/ul><ul><li><b>Ralph Manuel<\/b> (*1951):<br \/><strong>Alleluja<\/strong> (1987) f\u00fcr vierstimmigen Chor a cappella<\/li><\/ul><ul><li><b>Rolf Rudin <\/b>(*1961):<br \/><strong>Die Sternseherin<\/strong> (2011) op. 79 f\u00fcr vier- bis achtstimmigen Chor a cappella nach einem Gedicht von Matthias Claudius<\/li><\/ul><ul><li><b>\u0112rik E\u0161envalds<\/b> (*1977)<br \/><strong>The Heavens&#8216; Flock<\/strong> (2014) f\u00fcr achtstimmigen Chor a cappella<br \/><strong>The New Moon<\/strong> (2012) f\u00fcr zehnstimmigen Chor und Gl\u00e4ser,<br \/>Text: <b>Sara Teasdale<\/b> (1884-1933)<br \/><b>Stars<\/b> (2014) f\u00fcr sechsstimmigen Chor und Gl\u00e4ser,<br \/>Text: <b>Sara Teasdale<\/b> (1884-1933)<\/li><\/ul><ul><li><b>Hans Schanderl <\/b>(*1960):<br \/><strong>Wunderbar<\/strong> (1998) f\u00fcr gemischten Chor a cappella<\/li><\/ul>\t\t\t\t\t\t\t\t<\/div>\n\t\t\t\t<\/div>\n\t\t\t\t\t<\/div>\n\t\t<\/div>\n\t\t\t\t<div class=\"elementor-column elementor-col-50 elementor-inner-column elementor-element elementor-element-4d8ada4\" data-id=\"4d8ada4\" data-element_type=\"column\" data-e-type=\"column\">\n\t\t\t<div class=\"elementor-widget-wrap elementor-element-populated\">\n\t\t\t\t\t\t<div class=\"elementor-element elementor-element-c073b71 elementor-widget elementor-widget-text-editor\" data-id=\"c073b71\" data-element_type=\"widget\" data-e-type=\"widget\" data-widget_type=\"text-editor.default\">\n\t\t\t\t<div class=\"elementor-widget-container\">\n\t\t\t\t\t\t\t\t\t<h3>Zum Komponisten<\/h3><p>Der 1977 in Riga geborene <b>\u0112rik E\u0161envalds<\/b> studierte an der Lettischen Akademie f\u00fcr Musik Komposition und sang bis 2011 im lettischen Staatschor. Danach war er zwei Jahre lang Dozent am Trinity College in Cambridge. Inzwischen unterrichtet er Komposition auf allen Niveaustufen in der Hoffnung, dass seine Fachkenntnis jenen helfen kann, die eine Karriere als Komponist anstreben. E\u0161envalds hat eine Vielzahl von Auszeichnungen f\u00fcr seine Werke erhalten und mit vielen unterschiedlichen Ensembles gearbeitet wie beispielsweise den King\u2019s Singers und dem Boston Symphony Orchestra. Sein Schaffen beinhaltet ein breites Spektrum unterschiedlicher Genres, von Chor- bis zu Orchesterwerken. Infolgedessen hat er f\u00fcr verschiedene Plattenlabels und Musikfestivals gearbeitet. F\u00fcr die World Choir Games 2014 schrieb er die Hymne. Neben seiner T\u00e4tigkeit als Komponist tritt E\u0161envalds auch mit Reden und Schriften an die \u00d6ffentlichkeit.<\/p>\t\t\t\t\t\t\t\t<\/div>\n\t\t\t\t<\/div>\n\t\t\t\t\t<\/div>\n\t\t<\/div>\n\t\t\t\t\t<\/div>\n\t\t<\/section>\n\t\t\t\t<section class=\"elementor-section elementor-inner-section elementor-element elementor-element-2a1efd9 elementor-section-boxed elementor-section-height-default elementor-section-height-default\" data-id=\"2a1efd9\" data-element_type=\"section\" data-e-type=\"section\">\n\t\t\t\t\t\t<div class=\"elementor-container elementor-column-gap-default\">\n\t\t\t\t\t<div class=\"elementor-column elementor-col-50 elementor-inner-column elementor-element elementor-element-c48c527\" data-id=\"c48c527\" data-element_type=\"column\" data-e-type=\"column\">\n\t\t\t<div class=\"elementor-widget-wrap elementor-element-populated\">\n\t\t\t\t\t\t<div class=\"elementor-element elementor-element-f9baf51 elementor-widget elementor-widget-text-editor\" data-id=\"f9baf51\" data-element_type=\"widget\" data-e-type=\"widget\" data-widget_type=\"text-editor.default\">\n\t\t\t\t<div class=\"elementor-widget-container\">\n\t\t\t\t\t\t\t\t\t<p>E\u0161envalds\u2018 Chorkomposition <b>\u201eStars\u201c<\/b> ist ein wahrhaft atemberaubendes Werk. Es ist f\u00fcr vierstimmigen gemischten Chor gesetzt &#8211; mit einer besonderen Begleitung: durch Gl\u00e4ser. Mit diesen durch unterschiedliche Wassermengen gestimmten Gl\u00e4sern werden \u00e4therische T\u00f6ne erzeugt, die den Inhalt des von <b>Sara Teasdale<\/b> 1920 geschriebenen Gedichts wiederspiegeln. Der Klang der Gl\u00e4ser begleitet in Cluster-Akkorden den Gesang des Chores. Durch das Zusammenwirken von Chor- und Gl\u00e4serklang entsteht eine mystische, ekstatische Wirkung, die sich durch die wechselnde Zu- und Abnahme der Lautst\u00e4rke durch besondere Farbigkeit auszeichnet.<\/p>\t\t\t\t\t\t\t\t<\/div>\n\t\t\t\t<\/div>\n\t\t\t\t\t<\/div>\n\t\t<\/div>\n\t\t\t\t<div class=\"elementor-column elementor-col-50 elementor-inner-column elementor-element elementor-element-46d2c4c\" data-id=\"46d2c4c\" data-element_type=\"column\" data-e-type=\"column\">\n\t\t\t<div class=\"elementor-widget-wrap elementor-element-populated\">\n\t\t\t\t\t\t<div class=\"elementor-element elementor-element-c0c1080 elementor-widget elementor-widget-image\" data-id=\"c0c1080\" data-element_type=\"widget\" data-e-type=\"widget\" data-widget_type=\"image.default\">\n\t\t\t\t<div class=\"elementor-widget-container\">\n\t\t\t\t\t\t\t\t\t\t\t\t\t\t\t<img fetchpriority=\"high\" decoding=\"async\" width=\"300\" height=\"200\" src=\"https:\/\/www.singakademie-stuttgart.de\/wp-content\/uploads\/2018\/07\/schauwerk_glaeser-300x200.jpg\" class=\"attachment-medium size-medium wp-image-1297\" alt=\"\" srcset=\"https:\/\/www.singakademie-stuttgart.de\/wp-content\/uploads\/2018\/07\/schauwerk_glaeser-300x200.jpg 300w, https:\/\/www.singakademie-stuttgart.de\/wp-content\/uploads\/2018\/07\/schauwerk_glaeser-150x100.jpg 150w, https:\/\/www.singakademie-stuttgart.de\/wp-content\/uploads\/2018\/07\/schauwerk_glaeser.jpg 600w\" sizes=\"100vw\" \/>\t\t\t\t\t\t\t\t\t\t\t\t\t\t\t<\/div>\n\t\t\t\t<\/div>\n\t\t\t\t\t<\/div>\n\t\t<\/div>\n\t\t\t\t\t<\/div>\n\t\t<\/section>\n\t\t\t\t<section class=\"elementor-section elementor-inner-section elementor-element elementor-element-672a2cb elementor-section-boxed elementor-section-height-default elementor-section-height-default\" data-id=\"672a2cb\" data-element_type=\"section\" data-e-type=\"section\">\n\t\t\t\t\t\t<div class=\"elementor-container elementor-column-gap-default\">\n\t\t\t\t\t<div class=\"elementor-column elementor-col-50 elementor-inner-column elementor-element elementor-element-133edc3\" data-id=\"133edc3\" data-element_type=\"column\" data-e-type=\"column\">\n\t\t\t<div class=\"elementor-widget-wrap elementor-element-populated\">\n\t\t\t\t\t\t<div class=\"elementor-element elementor-element-cc41a4e elementor-widget elementor-widget-text-editor\" data-id=\"cc41a4e\" data-element_type=\"widget\" data-e-type=\"widget\" data-widget_type=\"text-editor.default\">\n\t\t\t\t<div class=\"elementor-widget-container\">\n\t\t\t\t\t\t\t\t\t<h3>Stars<\/h3><p>Alone in the night<br \/>on a dark hill<br \/>with pines around me,<br \/>spicy and still,<\/p><p>And a heaven full of stars<br \/>over my head,<br \/>white and topaz<br \/>and misty red;<\/p><p>Myriads with beating<br \/>hearts of fire<br \/>the aeons<br \/>cannot vex or tire;<\/p><p>The dome of heaven<br \/>like a great hill,<br \/>I watch them marching,<br \/>stately and still,<\/p><p>And I know that I<br \/>Am honoured to be<br \/>Witness<br \/>Of so much majesty.<\/p><p><i>Sarah Teasdale (1884-1933)<\/i><\/p>\t\t\t\t\t\t\t\t<\/div>\n\t\t\t\t<\/div>\n\t\t\t\t\t<\/div>\n\t\t<\/div>\n\t\t\t\t<div class=\"elementor-column elementor-col-50 elementor-inner-column elementor-element elementor-element-040b534\" data-id=\"040b534\" data-element_type=\"column\" data-e-type=\"column\">\n\t\t\t<div class=\"elementor-widget-wrap elementor-element-populated\">\n\t\t\t\t\t\t<div class=\"elementor-element elementor-element-74cbaea elementor-widget elementor-widget-text-editor\" data-id=\"74cbaea\" data-element_type=\"widget\" data-e-type=\"widget\" data-widget_type=\"text-editor.default\">\n\t\t\t\t<div class=\"elementor-widget-container\">\n\t\t\t\t\t\t\t\t\t<h3>Sterne<\/h3><p>Allein in der Nacht<br \/>Auf einem dunklen H\u00fcgel<br \/>Mit Kiefern um mich herum<br \/>W\u00fcrzig und still,<\/p><p>Und ein Himmel voller Sterne<br \/>\u00dcber meinem Kopf,<br \/>Wei\u00df und topasfarben<br \/>Und dunstig rot;<\/p><p>Myriaden mit schlagenden<br \/>Herzen aus Feuer,<br \/>Welche Ewigkeiten weder<br \/>\u00c4rgern noch erm\u00fcden k\u00f6nnen;<\/p><p>Die Kuppel des Himmels<br \/>Wie einen hohen H\u00fcgel<br \/>Sehe ich sie hinauf marschieren,<br \/>W\u00fcrdevoll und still,<\/p><p>Und ich wei\u00df, dass ich<br \/>Eine Ehre erfahre als<br \/>Zeuge<br \/>Solcher Majesti\u00e4t.<\/p><p><i>\u00dcbersetzung: Wiebke Hafermann<\/i><\/p>\t\t\t\t\t\t\t\t<\/div>\n\t\t\t\t<\/div>\n\t\t\t\t\t<\/div>\n\t\t<\/div>\n\t\t\t\t\t<\/div>\n\t\t<\/section>\n\t\t\t\t\t<\/div>\n\t\t<\/div>\n\t\t\t\t\t<\/div>\n\t\t<\/section>\n\t\t\t\t<section class=\"elementor-section elementor-top-section elementor-element elementor-element-1b114fb7 elementor-section-boxed elementor-section-height-default elementor-section-height-default\" data-id=\"1b114fb7\" data-element_type=\"section\" data-e-type=\"section\" data-settings=\"{&quot;background_background&quot;:&quot;classic&quot;}\">\n\t\t\t\t\t\t<div class=\"elementor-container elementor-column-gap-wide\">\n\t\t\t\t\t<div class=\"elementor-column elementor-col-33 elementor-top-column elementor-element elementor-element-2cee3b1f\" data-id=\"2cee3b1f\" data-element_type=\"column\" data-e-type=\"column\">\n\t\t\t<div class=\"elementor-widget-wrap elementor-element-populated\">\n\t\t\t\t\t\t<div class=\"elementor-element elementor-element-2bbbdf1d elementor-view-default elementor-widget elementor-widget-icon\" data-id=\"2bbbdf1d\" data-element_type=\"widget\" data-e-type=\"widget\" data-widget_type=\"icon.default\">\n\t\t\t\t<div class=\"elementor-widget-container\">\n\t\t\t\t\t\t\t<div class=\"elementor-icon-wrapper\">\n\t\t\t<div class=\"elementor-icon\">\n\t\t\t\t\t\t\t<i class=\"fa fa-bank\" aria-hidden=\"true\"><\/i>\n\t\t\t\t\t\t<\/div>\n\t\t<\/div>\n\t\t\t\t\t\t<\/div>\n\t\t\t\t<\/div>\n\t\t\t\t<div class=\"elementor-element elementor-element-6de892a3 elementor-widget elementor-widget-text-editor\" data-id=\"6de892a3\" data-element_type=\"widget\" data-e-type=\"widget\" data-widget_type=\"text-editor.default\">\n\t\t\t\t<div class=\"elementor-widget-container\">\n\t\t\t\t\t\t\t\t\t<p style=\"text-align: center;\">Stadtbibliothek Stuttgart<br \/><span class=\"_Xbe\">Mail\u00e4nder Platz 1, 70173 Stuttgart<\/span><\/p>\t\t\t\t\t\t\t\t<\/div>\n\t\t\t\t<\/div>\n\t\t\t\t\t<\/div>\n\t\t<\/div>\n\t\t\t\t<div class=\"elementor-column elementor-col-33 elementor-top-column elementor-element elementor-element-206dddf1\" data-id=\"206dddf1\" data-element_type=\"column\" data-e-type=\"column\">\n\t\t\t<div class=\"elementor-widget-wrap elementor-element-populated\">\n\t\t\t\t\t\t<div class=\"elementor-element elementor-element-eaf9c1 elementor-view-default elementor-widget elementor-widget-icon\" data-id=\"eaf9c1\" data-element_type=\"widget\" data-e-type=\"widget\" data-widget_type=\"icon.default\">\n\t\t\t\t<div class=\"elementor-widget-container\">\n\t\t\t\t\t\t\t<div class=\"elementor-icon-wrapper\">\n\t\t\t<div class=\"elementor-icon\">\n\t\t\t\t\t\t\t<i class=\"fa fa-calendar\" aria-hidden=\"true\"><\/i>\n\t\t\t\t\t\t<\/div>\n\t\t<\/div>\n\t\t\t\t\t\t<\/div>\n\t\t\t\t<\/div>\n\t\t\t\t<div class=\"elementor-element elementor-element-40ae5848 elementor-widget elementor-widget-text-editor\" data-id=\"40ae5848\" data-element_type=\"widget\" data-e-type=\"widget\" data-widget_type=\"text-editor.default\">\n\t\t\t\t<div class=\"elementor-widget-container\">\n\t\t\t\t\t\t\t\t\t<p style=\"text-align: center;\">Samstag, 22. September 2018<br \/>Beginn: 18 Uhr<\/p>\t\t\t\t\t\t\t\t<\/div>\n\t\t\t\t<\/div>\n\t\t\t\t\t<\/div>\n\t\t<\/div>\n\t\t\t\t<div class=\"elementor-column elementor-col-33 elementor-top-column elementor-element elementor-element-2f38f7eb\" data-id=\"2f38f7eb\" data-element_type=\"column\" data-e-type=\"column\">\n\t\t\t<div class=\"elementor-widget-wrap elementor-element-populated\">\n\t\t\t\t\t\t<div class=\"elementor-element elementor-element-29785748 elementor-view-default elementor-widget elementor-widget-icon\" data-id=\"29785748\" data-element_type=\"widget\" data-e-type=\"widget\" data-widget_type=\"icon.default\">\n\t\t\t\t<div class=\"elementor-widget-container\">\n\t\t\t\t\t\t\t<div class=\"elementor-icon-wrapper\">\n\t\t\t<div class=\"elementor-icon\">\n\t\t\t\t\t\t\t<i class=\"fa fa-ticket\" aria-hidden=\"true\"><\/i>\n\t\t\t\t\t\t<\/div>\n\t\t<\/div>\n\t\t\t\t\t\t<\/div>\n\t\t\t\t<\/div>\n\t\t\t\t<div class=\"elementor-element elementor-element-cff880f elementor-widget elementor-widget-text-editor\" data-id=\"cff880f\" data-element_type=\"widget\" data-e-type=\"widget\" data-widget_type=\"text-editor.default\">\n\t\t\t\t<div class=\"elementor-widget-container\">\n\t\t\t\t\t\t\t\t\t<p style=\"text-align: center;\">Der Eintritt ist frei.<\/p>\t\t\t\t\t\t\t\t<\/div>\n\t\t\t\t<\/div>\n\t\t\t\t\t<\/div>\n\t\t<\/div>\n\t\t\t\t\t<\/div>\n\t\t<\/section>\n\t\t\t\t<section class=\"elementor-section elementor-top-section elementor-element elementor-element-1df4e528 elementor-section-boxed elementor-section-height-default elementor-section-height-default\" data-id=\"1df4e528\" data-element_type=\"section\" data-e-type=\"section\">\n\t\t\t\t\t\t<div class=\"elementor-container elementor-column-gap-no\">\n\t\t\t\t\t<div class=\"elementor-column elementor-col-100 elementor-top-column elementor-element elementor-element-774e4f33\" data-id=\"774e4f33\" data-element_type=\"column\" data-e-type=\"column\">\n\t\t\t<div class=\"elementor-widget-wrap elementor-element-populated\">\n\t\t\t\t\t\t<div class=\"elementor-element elementor-element-6faea342 elementor-widget elementor-widget-google_maps\" data-id=\"6faea342\" data-element_type=\"widget\" data-e-type=\"widget\" data-widget_type=\"google_maps.default\">\n\t\t\t\t<div class=\"elementor-widget-container\">\n\t\t\t\t\t\t\t<div class=\"elementor-custom-embed\">\n\t\t\t<iframe loading=\"lazy\"\n\t\t\t\t\tsrc=\"https:\/\/maps.google.com\/maps?q=Stadtbibliothek%20Stuttgart&#038;t=m&#038;z=12&#038;output=embed&#038;iwloc=near\"\n\t\t\t\t\ttitle=\"Stadtbibliothek Stuttgart\"\n\t\t\t\t\taria-label=\"Stadtbibliothek Stuttgart\"\n\t\t\t><\/iframe>\n\t\t<\/div>\n\t\t\t\t\t\t<\/div>\n\t\t\t\t<\/div>\n\t\t\t\t\t<\/div>\n\t\t<\/div>\n\t\t\t\t\t<\/div>\n\t\t<\/section>\n\t\t\t\t<\/div>\n\t\t","protected":false},"excerpt":{"rendered":"<p>Wandelkonzert in der Stadtbibliothek Stuttgart Programm Robert Schumann (1810-1856)\/arr. Clytus Gottwald (*1925):Mondnacht op. 39, Nr. 5 f\u00fcr sechsstimmigen Chor a cappella Camille Saint-Sa\u00ebns (1835-1921):Calme des nuits op. 68, Nr. 1 f\u00fcr vierstimmigen Chor a cappella Ralph Manuel (*1951):Alleluja (1987) f\u00fcr vierstimmigen Chor a cappella Rolf Rudin (*1961):Die Sternseherin (2011) op. 79 f\u00fcr vier- bis achtstimmigen &hellip; <\/p>\n<p class=\"link-more\"><a href=\"https:\/\/www.singakademie-stuttgart.de\/index.php\/konzerte\/22-09-2018-stadtbibliothek-stuttgart\/\" class=\"more-link\"><span class=\"screen-reader-text\">\u201e22.09.2018 &#8211; Stadtbibliothek Stuttgart\u201c<\/span> weiterlesen<\/a><\/p>\n","protected":false},"author":3,"featured_media":0,"parent":35,"menu_order":1840,"comment_status":"closed","ping_status":"closed","template":"","meta":{"footnotes":""},"class_list":["post-625","page","type-page","status-publish","hentry"],"_links":{"self":[{"href":"https:\/\/www.singakademie-stuttgart.de\/index.php\/wp-json\/wp\/v2\/pages\/625","targetHints":{"allow":["GET"]}}],"collection":[{"href":"https:\/\/www.singakademie-stuttgart.de\/index.php\/wp-json\/wp\/v2\/pages"}],"about":[{"href":"https:\/\/www.singakademie-stuttgart.de\/index.php\/wp-json\/wp\/v2\/types\/page"}],"author":[{"embeddable":true,"href":"https:\/\/www.singakademie-stuttgart.de\/index.php\/wp-json\/wp\/v2\/users\/3"}],"replies":[{"embeddable":true,"href":"https:\/\/www.singakademie-stuttgart.de\/index.php\/wp-json\/wp\/v2\/comments?post=625"}],"version-history":[{"count":5,"href":"https:\/\/www.singakademie-stuttgart.de\/index.php\/wp-json\/wp\/v2\/pages\/625\/revisions"}],"predecessor-version":[{"id":1320,"href":"https:\/\/www.singakademie-stuttgart.de\/index.php\/wp-json\/wp\/v2\/pages\/625\/revisions\/1320"}],"up":[{"embeddable":true,"href":"https:\/\/www.singakademie-stuttgart.de\/index.php\/wp-json\/wp\/v2\/pages\/35"}],"wp:attachment":[{"href":"https:\/\/www.singakademie-stuttgart.de\/index.php\/wp-json\/wp\/v2\/media?parent=625"}],"curies":[{"name":"wp","href":"https:\/\/api.w.org\/{rel}","templated":true}]}}