{"id":378,"date":"2017-09-18T21:54:47","date_gmt":"2017-09-18T19:54:47","guid":{"rendered":"http:\/\/www.singakademie-stuttgart.de\/?page_id=378"},"modified":"2018-02-05T23:16:25","modified_gmt":"2018-02-05T22:16:25","slug":"2017-03-12-schauwerk-sindelfingen","status":"publish","type":"page","link":"https:\/\/www.singakademie-stuttgart.de\/index.php\/konzerte\/2017-03-12-schauwerk-sindelfingen\/","title":{"rendered":"12.03.2017 \u2013 Schauwerk Sindelfingen"},"content":{"rendered":"<h2>Klangr\u00e4ume. Wandelkonzert im Museum SCHAUWERK Sindelfingen<\/h2>\n<ul>\n<li><b>P\u0113teris Vasks<\/b> (*1946):<br \/>\nPlainscapes &#8211; Werk f\u00fcr Chor, Geige und Violoncello<\/li>\n<li><b>Steve Dobrogosz<\/b> (*1956):<br \/>\nSuite romantique &#8211; Werk f\u00fcr Chor, Klavier und Streicher<\/li>\n<li><b>Robert Schumann<\/b> (1810-1856):<br \/>\nEs ist verraten, Ich bin geliebt, Beim Abschied zu singen (aus Spanischem Liederspiel op. 74)<\/li>\n<\/ul>\n<p>&nbsp;<\/p>\n","protected":false},"excerpt":{"rendered":"<p>Klangr\u00e4ume. Wandelkonzert im Museum SCHAUWERK Sindelfingen P\u0113teris Vasks (*1946): Plainscapes &#8211; Werk f\u00fcr Chor, Geige und Violoncello Steve Dobrogosz (*1956): Suite romantique &#8211; Werk f\u00fcr Chor, Klavier und Streicher Robert Schumann (1810-1856): Es ist verraten, Ich bin geliebt, Beim Abschied zu singen (aus Spanischem Liederspiel op. 74) &nbsp;<\/p>\n","protected":false},"author":1,"featured_media":0,"parent":35,"menu_order":1701,"comment_status":"closed","ping_status":"closed","template":"","meta":{"footnotes":""},"class_list":["post-378","page","type-page","status-publish","hentry"],"_links":{"self":[{"href":"https:\/\/www.singakademie-stuttgart.de\/index.php\/wp-json\/wp\/v2\/pages\/378","targetHints":{"allow":["GET"]}}],"collection":[{"href":"https:\/\/www.singakademie-stuttgart.de\/index.php\/wp-json\/wp\/v2\/pages"}],"about":[{"href":"https:\/\/www.singakademie-stuttgart.de\/index.php\/wp-json\/wp\/v2\/types\/page"}],"author":[{"embeddable":true,"href":"https:\/\/www.singakademie-stuttgart.de\/index.php\/wp-json\/wp\/v2\/users\/1"}],"replies":[{"embeddable":true,"href":"https:\/\/www.singakademie-stuttgart.de\/index.php\/wp-json\/wp\/v2\/comments?post=378"}],"version-history":[{"count":4,"href":"https:\/\/www.singakademie-stuttgart.de\/index.php\/wp-json\/wp\/v2\/pages\/378\/revisions"}],"predecessor-version":[{"id":968,"href":"https:\/\/www.singakademie-stuttgart.de\/index.php\/wp-json\/wp\/v2\/pages\/378\/revisions\/968"}],"up":[{"embeddable":true,"href":"https:\/\/www.singakademie-stuttgart.de\/index.php\/wp-json\/wp\/v2\/pages\/35"}],"wp:attachment":[{"href":"https:\/\/www.singakademie-stuttgart.de\/index.php\/wp-json\/wp\/v2\/media?parent=378"}],"curies":[{"name":"wp","href":"https:\/\/api.w.org\/{rel}","templated":true}]}}