{"id":1465,"date":"2018-12-11T17:55:47","date_gmt":"2018-12-11T16:55:47","guid":{"rendered":"http:\/\/www.singakademie-stuttgart.de\/?page_id=1465"},"modified":"2019-06-29T22:30:14","modified_gmt":"2019-06-29T20:30:14","slug":"07-07-2019-michaelskirche-waiblingen","status":"publish","type":"page","link":"https:\/\/www.singakademie-stuttgart.de\/index.php\/konzerte\/07-07-2019-michaelskirche-waiblingen\/","title":{"rendered":"07.07.2019 &#8211; Michaelskirche Waiblingen"},"content":{"rendered":"\t\t<div data-elementor-type=\"wp-post\" data-elementor-id=\"1465\" class=\"elementor elementor-1465\" data-elementor-post-type=\"page\">\n\t\t\t\t\t\t<section class=\"elementor-section elementor-top-section elementor-element elementor-element-6e81eb9f elementor-section-boxed elementor-section-height-default elementor-section-height-default\" data-id=\"6e81eb9f\" data-element_type=\"section\" data-e-type=\"section\">\n\t\t\t\t\t\t<div class=\"elementor-container elementor-column-gap-default\">\n\t\t\t\t\t<div class=\"elementor-column elementor-col-100 elementor-top-column elementor-element elementor-element-55c70afe\" data-id=\"55c70afe\" data-element_type=\"column\" data-e-type=\"column\">\n\t\t\t<div class=\"elementor-widget-wrap elementor-element-populated\">\n\t\t\t\t\t\t<div class=\"elementor-element elementor-element-e7a1d38 elementor-widget elementor-widget-text-editor\" data-id=\"e7a1d38\" data-element_type=\"widget\" data-e-type=\"widget\" data-widget_type=\"text-editor.default\">\n\t\t\t\t<div class=\"elementor-widget-container\">\n\t\t\t\t\t\t\t\t\t<h2>Flower Songs<\/h2>\n<p style=\"text-align: center;  font-size: large;\">A-Cappella-Vocalmusik mit Werken von Britten, Rudin, E\u0161envalds u.a.\n<\/p>\t\t\t\t\t\t\t\t<\/div>\n\t\t\t\t<\/div>\n\t\t\t\t<section class=\"elementor-section elementor-inner-section elementor-element elementor-element-6a9c371 elementor-section-boxed elementor-section-height-default elementor-section-height-default\" data-id=\"6a9c371\" data-element_type=\"section\" data-e-type=\"section\">\n\t\t\t\t\t\t<div class=\"elementor-container elementor-column-gap-default\">\n\t\t\t\t\t<div class=\"elementor-column elementor-col-50 elementor-inner-column elementor-element elementor-element-3d9be91\" data-id=\"3d9be91\" data-element_type=\"column\" data-e-type=\"column\">\n\t\t\t<div class=\"elementor-widget-wrap elementor-element-populated\">\n\t\t\t\t\t\t<div class=\"elementor-element elementor-element-274c919c elementor-widget elementor-widget-text-editor\" data-id=\"274c919c\" data-element_type=\"widget\" data-e-type=\"widget\" data-widget_type=\"text-editor.default\">\n\t\t\t\t<div class=\"elementor-widget-container\">\n\t\t\t\t\t\t\t\t\t<h3>Programm<\/h3><ul><li><b>\u0112rik E\u0161envalds<\/b> (*1977)<i><br \/>The Heavens\u02bc Flock<\/i> (2014) f\u00fcr achtstimmigen Chor a cappella,<br \/>Text: Paulann Petersen (*1942)<br \/><i>The New Moon<\/i> (2012) f\u00fcr zehnstimmigen Chor und Gl\u00e4ser,<br \/>Text: Sara Teasdale (1884-1933)<br \/><i>Salutation<\/i> (2017) f\u00fcr sechsstimmigen Chor a cappella,<br \/>Text: Rabindranath Tagore (1861-1941)<br \/><i>The Ancient Prairie<\/i> (2018) f\u00fcr 12-stimmigen Chor und Geige,<br \/>Text: Bai Juyi (772-846)<\/li><\/ul><ul><li><b>Rolf Rudin<\/b> (*1961)<i><br \/>Die Sternseherin Lise<\/i> (2011) op. 79, f\u00fcr achtstimmigen Chor a cappella, nach einem Gedicht von Matthias Claudius<br \/><i>Dona nobis pacem<\/i> (1986\/rev. 2018) op. 5, UA mit der Singakademie Stuttgart f\u00fcr zehnstimmigen gemischten Chor a cappella<br \/><br \/><\/li><li><b>Benjamin Britten<\/b> (1919-1976)<br \/><i>Flower songs<\/i> (1950) op. 47, f\u00fcr Chor a cappella<br \/><i>Te Deum in C<\/i> (1934) f\u00fcr Chor und Orgel<br \/><br \/><\/li><li><b>Ernst Friedrich Richter<\/b> (1808-1879)<br \/><i>Agnus Dei<\/i> op. 49, f\u00fcr 12-stimmigen Chor a cappella<br \/><h3>Mitwirkende<\/h3><\/li><li>Joachim Priesner &#8211; Orgel<\/li><\/ul>\t\t\t\t\t\t\t\t<\/div>\n\t\t\t\t<\/div>\n\t\t\t\t\t<\/div>\n\t\t<\/div>\n\t\t\t\t<div class=\"elementor-column elementor-col-50 elementor-inner-column elementor-element elementor-element-bcd24ec\" data-id=\"bcd24ec\" data-element_type=\"column\" data-e-type=\"column\">\n\t\t\t<div class=\"elementor-widget-wrap elementor-element-populated\">\n\t\t\t\t\t\t<div class=\"elementor-element elementor-element-d7b19aa elementor-widget elementor-widget-image\" data-id=\"d7b19aa\" data-element_type=\"widget\" data-e-type=\"widget\" data-widget_type=\"image.default\">\n\t\t\t\t<div class=\"elementor-widget-container\">\n\t\t\t\t\t\t\t\t\t\t\t\t\t\t\t<img fetchpriority=\"high\" decoding=\"async\" width=\"525\" height=\"746\" src=\"https:\/\/www.singakademie-stuttgart.de\/wp-content\/uploads\/2019\/06\/2019_Waiblingen_Michaelskirche-721x1024.jpg\" class=\"attachment-large size-large wp-image-1736\" alt=\"\" srcset=\"https:\/\/www.singakademie-stuttgart.de\/wp-content\/uploads\/2019\/06\/2019_Waiblingen_Michaelskirche-721x1024.jpg 721w, https:\/\/www.singakademie-stuttgart.de\/wp-content\/uploads\/2019\/06\/2019_Waiblingen_Michaelskirche-150x213.jpg 150w, https:\/\/www.singakademie-stuttgart.de\/wp-content\/uploads\/2019\/06\/2019_Waiblingen_Michaelskirche-300x426.jpg 300w, https:\/\/www.singakademie-stuttgart.de\/wp-content\/uploads\/2019\/06\/2019_Waiblingen_Michaelskirche-211x300.jpg 211w, https:\/\/www.singakademie-stuttgart.de\/wp-content\/uploads\/2019\/06\/2019_Waiblingen_Michaelskirche-768x1090.jpg 768w, https:\/\/www.singakademie-stuttgart.de\/wp-content\/uploads\/2019\/06\/2019_Waiblingen_Michaelskirche.jpg 905w\" sizes=\"100vw\" \/>\t\t\t\t\t\t\t\t\t\t\t\t\t\t\t<\/div>\n\t\t\t\t<\/div>\n\t\t\t\t\t<\/div>\n\t\t<\/div>\n\t\t\t\t\t<\/div>\n\t\t<\/section>\n\t\t\t\t\t<\/div>\n\t\t<\/div>\n\t\t\t\t\t<\/div>\n\t\t<\/section>\n\t\t\t\t<section class=\"elementor-section elementor-top-section elementor-element elementor-element-7495b1cb elementor-section-boxed elementor-section-height-default elementor-section-height-default\" data-id=\"7495b1cb\" data-element_type=\"section\" data-e-type=\"section\" data-settings=\"{&quot;background_background&quot;:&quot;classic&quot;}\">\n\t\t\t\t\t\t<div class=\"elementor-container elementor-column-gap-wide\">\n\t\t\t\t\t<div class=\"elementor-column elementor-col-33 elementor-top-column elementor-element elementor-element-5f7a18d3\" data-id=\"5f7a18d3\" data-element_type=\"column\" data-e-type=\"column\">\n\t\t\t<div class=\"elementor-widget-wrap elementor-element-populated\">\n\t\t\t\t\t\t<div class=\"elementor-element elementor-element-119a8ae6 elementor-view-default elementor-widget elementor-widget-icon\" data-id=\"119a8ae6\" data-element_type=\"widget\" data-e-type=\"widget\" data-widget_type=\"icon.default\">\n\t\t\t\t<div class=\"elementor-widget-container\">\n\t\t\t\t\t\t\t<div class=\"elementor-icon-wrapper\">\n\t\t\t<div class=\"elementor-icon\">\n\t\t\t\t\t\t\t<i class=\"fa fa-institution\" aria-hidden=\"true\"><\/i>\n\t\t\t\t\t\t<\/div>\n\t\t<\/div>\n\t\t\t\t\t\t<\/div>\n\t\t\t\t<\/div>\n\t\t\t\t<div class=\"elementor-element elementor-element-3eef40d3 elementor-widget elementor-widget-text-editor\" data-id=\"3eef40d3\" data-element_type=\"widget\" data-e-type=\"widget\" data-widget_type=\"text-editor.default\">\n\t\t\t\t<div class=\"elementor-widget-container\">\n\t\t\t\t\t\t\t\t\t<p style=\"text-align: center;\">Michaelskirche<br \/>Alter Postplatz 21, 71332 Waiblingen<\/p>\t\t\t\t\t\t\t\t<\/div>\n\t\t\t\t<\/div>\n\t\t\t\t\t<\/div>\n\t\t<\/div>\n\t\t\t\t<div class=\"elementor-column elementor-col-33 elementor-top-column elementor-element elementor-element-30b74826\" data-id=\"30b74826\" data-element_type=\"column\" data-e-type=\"column\">\n\t\t\t<div class=\"elementor-widget-wrap elementor-element-populated\">\n\t\t\t\t\t\t<div class=\"elementor-element elementor-element-7f419d6a elementor-view-default elementor-widget elementor-widget-icon\" data-id=\"7f419d6a\" data-element_type=\"widget\" data-e-type=\"widget\" data-widget_type=\"icon.default\">\n\t\t\t\t<div class=\"elementor-widget-container\">\n\t\t\t\t\t\t\t<div class=\"elementor-icon-wrapper\">\n\t\t\t<div class=\"elementor-icon\">\n\t\t\t\t\t\t\t<i class=\"fa fa-calendar\" aria-hidden=\"true\"><\/i>\n\t\t\t\t\t\t<\/div>\n\t\t<\/div>\n\t\t\t\t\t\t<\/div>\n\t\t\t\t<\/div>\n\t\t\t\t<div class=\"elementor-element elementor-element-7ad22b7 elementor-widget elementor-widget-text-editor\" data-id=\"7ad22b7\" data-element_type=\"widget\" data-e-type=\"widget\" data-widget_type=\"text-editor.default\">\n\t\t\t\t<div class=\"elementor-widget-container\">\n\t\t\t\t\t\t\t\t\t<p style=\"text-align: center;\">Sonntag, 7. Juli 2019<br \/>Beginn: 19 Uhr<\/p>\t\t\t\t\t\t\t\t<\/div>\n\t\t\t\t<\/div>\n\t\t\t\t\t<\/div>\n\t\t<\/div>\n\t\t\t\t<div class=\"elementor-column elementor-col-33 elementor-top-column elementor-element elementor-element-38df9438\" data-id=\"38df9438\" data-element_type=\"column\" data-e-type=\"column\">\n\t\t\t<div class=\"elementor-widget-wrap elementor-element-populated\">\n\t\t\t\t\t\t<div class=\"elementor-element elementor-element-199bc321 elementor-view-default elementor-widget elementor-widget-icon\" data-id=\"199bc321\" data-element_type=\"widget\" data-e-type=\"widget\" data-widget_type=\"icon.default\">\n\t\t\t\t<div class=\"elementor-widget-container\">\n\t\t\t\t\t\t\t<div class=\"elementor-icon-wrapper\">\n\t\t\t<div class=\"elementor-icon\">\n\t\t\t\t\t\t\t<i class=\"fa fa-ticket\" aria-hidden=\"true\"><\/i>\n\t\t\t\t\t\t<\/div>\n\t\t<\/div>\n\t\t\t\t\t\t<\/div>\n\t\t\t\t<\/div>\n\t\t\t\t<div class=\"elementor-element elementor-element-a796072 elementor-widget elementor-widget-text-editor\" data-id=\"a796072\" data-element_type=\"widget\" data-e-type=\"widget\" data-widget_type=\"text-editor.default\">\n\t\t\t\t<div class=\"elementor-widget-container\">\n\t\t\t\t\t\t\t\t\t<p style=\"text-align: center;\">Eintritt frei<\/p>\t\t\t\t\t\t\t\t<\/div>\n\t\t\t\t<\/div>\n\t\t\t\t\t<\/div>\n\t\t<\/div>\n\t\t\t\t\t<\/div>\n\t\t<\/section>\n\t\t\t\t<section class=\"elementor-section elementor-top-section elementor-element elementor-element-53cc0223 elementor-section-boxed elementor-section-height-default elementor-section-height-default\" data-id=\"53cc0223\" data-element_type=\"section\" data-e-type=\"section\">\n\t\t\t\t\t\t<div class=\"elementor-container elementor-column-gap-no\">\n\t\t\t\t\t<div class=\"elementor-column elementor-col-100 elementor-top-column elementor-element elementor-element-7da73ab4\" data-id=\"7da73ab4\" data-element_type=\"column\" data-e-type=\"column\">\n\t\t\t<div class=\"elementor-widget-wrap elementor-element-populated\">\n\t\t\t\t\t\t<div class=\"elementor-element elementor-element-3d2213d3 elementor-widget elementor-widget-google_maps\" data-id=\"3d2213d3\" data-element_type=\"widget\" data-e-type=\"widget\" data-widget_type=\"google_maps.default\">\n\t\t\t\t<div class=\"elementor-widget-container\">\n\t\t\t\t\t\t\t<div class=\"elementor-custom-embed\">\n\t\t\t<iframe loading=\"lazy\"\n\t\t\t\t\tsrc=\"https:\/\/maps.google.com\/maps?q=Michaelskirche%2C%20Alter%20Postplatz%2021%2C%2071332%20Waiblingen&#038;t=m&#038;z=10&#038;output=embed&#038;iwloc=near\"\n\t\t\t\t\ttitle=\"Michaelskirche, Alter Postplatz 21, 71332 Waiblingen\"\n\t\t\t\t\taria-label=\"Michaelskirche, Alter Postplatz 21, 71332 Waiblingen\"\n\t\t\t><\/iframe>\n\t\t<\/div>\n\t\t\t\t\t\t<\/div>\n\t\t\t\t<\/div>\n\t\t\t\t\t<\/div>\n\t\t<\/div>\n\t\t\t\t\t<\/div>\n\t\t<\/section>\n\t\t\t\t<\/div>\n\t\t","protected":false},"excerpt":{"rendered":"<p>Flower Songs A-Cappella-Vocalmusik mit Werken von Britten, Rudin, E\u0161envalds u.a. Programm \u0112rik E\u0161envalds (*1977) The Heavens\u02bc Flock (2014) f\u00fcr achtstimmigen Chor a cappella, Text: Paulann Petersen (*1942) The New Moon (2012) f\u00fcr zehnstimmigen Chor und Gl\u00e4ser, Text: Sara Teasdale (1884-1933) Salutation (2017) f\u00fcr sechsstimmigen Chor a cappella, Text: Rabindranath Tagore (1861-1941) The Ancient Prairie (2018) &hellip; <\/p>\n<p class=\"link-more\"><a href=\"https:\/\/www.singakademie-stuttgart.de\/index.php\/konzerte\/07-07-2019-michaelskirche-waiblingen\/\" class=\"more-link\"><span class=\"screen-reader-text\">\u201e07.07.2019 &#8211; Michaelskirche Waiblingen\u201c<\/span> weiterlesen<\/a><\/p>\n","protected":false},"author":3,"featured_media":1754,"parent":35,"menu_order":1940,"comment_status":"closed","ping_status":"closed","template":"","meta":{"footnotes":""},"class_list":["post-1465","page","type-page","status-publish","has-post-thumbnail","hentry"],"_links":{"self":[{"href":"https:\/\/www.singakademie-stuttgart.de\/index.php\/wp-json\/wp\/v2\/pages\/1465","targetHints":{"allow":["GET"]}}],"collection":[{"href":"https:\/\/www.singakademie-stuttgart.de\/index.php\/wp-json\/wp\/v2\/pages"}],"about":[{"href":"https:\/\/www.singakademie-stuttgart.de\/index.php\/wp-json\/wp\/v2\/types\/page"}],"author":[{"embeddable":true,"href":"https:\/\/www.singakademie-stuttgart.de\/index.php\/wp-json\/wp\/v2\/users\/3"}],"replies":[{"embeddable":true,"href":"https:\/\/www.singakademie-stuttgart.de\/index.php\/wp-json\/wp\/v2\/comments?post=1465"}],"version-history":[{"count":5,"href":"https:\/\/www.singakademie-stuttgart.de\/index.php\/wp-json\/wp\/v2\/pages\/1465\/revisions"}],"predecessor-version":[{"id":1755,"href":"https:\/\/www.singakademie-stuttgart.de\/index.php\/wp-json\/wp\/v2\/pages\/1465\/revisions\/1755"}],"up":[{"embeddable":true,"href":"https:\/\/www.singakademie-stuttgart.de\/index.php\/wp-json\/wp\/v2\/pages\/35"}],"wp:featuredmedia":[{"embeddable":true,"href":"https:\/\/www.singakademie-stuttgart.de\/index.php\/wp-json\/wp\/v2\/media\/1754"}],"wp:attachment":[{"href":"https:\/\/www.singakademie-stuttgart.de\/index.php\/wp-json\/wp\/v2\/media?parent=1465"}],"curies":[{"name":"wp","href":"https:\/\/api.w.org\/{rel}","templated":true}]}}