{"id":1458,"date":"2018-12-11T17:44:18","date_gmt":"2018-12-11T16:44:18","guid":{"rendered":"http:\/\/www.singakademie-stuttgart.de\/?page_id=1458"},"modified":"2019-04-15T15:05:16","modified_gmt":"2019-04-15T13:05:16","slug":"19-04-2019-stadtkirche-tuttlingen","status":"publish","type":"page","link":"https:\/\/www.singakademie-stuttgart.de\/index.php\/konzerte\/19-04-2019-stadtkirche-tuttlingen\/","title":{"rendered":"19.04.2019 &#8211; Stadtkirche Tuttlingen"},"content":{"rendered":"\t\t<div data-elementor-type=\"wp-post\" data-elementor-id=\"1458\" class=\"elementor elementor-1458\" data-elementor-post-type=\"page\">\n\t\t\t\t\t\t<section class=\"elementor-section elementor-top-section elementor-element elementor-element-bc2c6fd elementor-section-boxed elementor-section-height-default elementor-section-height-default\" data-id=\"bc2c6fd\" data-element_type=\"section\" data-e-type=\"section\">\n\t\t\t\t\t\t<div class=\"elementor-container elementor-column-gap-default\">\n\t\t\t\t\t<div class=\"elementor-column elementor-col-100 elementor-top-column elementor-element elementor-element-f6aaa2f\" data-id=\"f6aaa2f\" data-element_type=\"column\" data-e-type=\"column\">\n\t\t\t<div class=\"elementor-widget-wrap elementor-element-populated\">\n\t\t\t\t\t\t<div class=\"elementor-element elementor-element-60a35a0 elementor-widget elementor-widget-text-editor\" data-id=\"60a35a0\" data-element_type=\"widget\" data-e-type=\"widget\" data-widget_type=\"text-editor.default\">\n\t\t\t\t<div class=\"elementor-widget-container\">\n\t\t\t\t\t\t\t\t\t<h2>Unser Leben ist ein Schatten<\/h2><p style=\"text-align: center; font-size: large;\">Passionskonzert der Singakademie Stuttgart<br \/>mit Werken von Bach, Steffani, Rheinberger und Spohr<\/p>\t\t\t\t\t\t\t\t<\/div>\n\t\t\t\t<\/div>\n\t\t\t\t<section class=\"elementor-section elementor-inner-section elementor-element elementor-element-ef13dd6 elementor-section-boxed elementor-section-height-default elementor-section-height-default\" data-id=\"ef13dd6\" data-element_type=\"section\" data-e-type=\"section\">\n\t\t\t\t\t\t<div class=\"elementor-container elementor-column-gap-default\">\n\t\t\t\t\t<div class=\"elementor-column elementor-col-50 elementor-inner-column elementor-element elementor-element-8bd1c8c\" data-id=\"8bd1c8c\" data-element_type=\"column\" data-e-type=\"column\">\n\t\t\t<div class=\"elementor-widget-wrap elementor-element-populated\">\n\t\t\t\t\t\t<div class=\"elementor-element elementor-element-019ed21 elementor-widget elementor-widget-text-editor\" data-id=\"019ed21\" data-element_type=\"widget\" data-e-type=\"widget\" data-widget_type=\"text-editor.default\">\n\t\t\t\t<div class=\"elementor-widget-container\">\n\t\t\t\t\t\t\t\t\t<h3>Programm<\/h3><ul><li><b>Johann Bach<\/b> (1604-1673):<br \/><i>Unser Leben ist ein Schatten<\/i> &#8211; f\u00fcr zwei Ch\u00f6re und Basso continuo<\/li><li><b>Joseph Rheinberger<\/b> (1839-1901):<br \/>S<i>tabat Mater<\/i> &#8211; f\u00fcr vierstimmigen Chor, Streicher und gro\u00dfe Orgel<\/li><li><b>Agostino Steffani<\/b> (1654-1728):<br \/><i>Stabat Mater<\/i> &#8211; f\u00fcr Soli, sechsstimmigen Chor, Streicher und Basso continuo<\/li><li><b>Louis Spohr <\/b>(1784-1859):<br \/><i>Aus der Tiefe<\/i> (Psalm 130) &#8211; f\u00fcr Soli und achtstimmigen Chor a cappella<\/li><\/ul>\t\t\t\t\t\t\t\t<\/div>\n\t\t\t\t<\/div>\n\t\t\t\t\t<\/div>\n\t\t<\/div>\n\t\t\t\t<div class=\"elementor-column elementor-col-50 elementor-inner-column elementor-element elementor-element-1b879a9\" data-id=\"1b879a9\" data-element_type=\"column\" data-e-type=\"column\">\n\t\t\t<div class=\"elementor-widget-wrap elementor-element-populated\">\n\t\t\t\t\t\t<div class=\"elementor-element elementor-element-0f2c76e elementor-widget elementor-widget-text-editor\" data-id=\"0f2c76e\" data-element_type=\"widget\" data-e-type=\"widget\" data-widget_type=\"text-editor.default\">\n\t\t\t\t<div class=\"elementor-widget-container\">\n\t\t\t\t\t\t\t\t\t<h3>Mitwirkende<\/h3><p>Countertenor: Georg A. Bochow<\/p><p>Tenor: Henning Jensen<\/p><p>Bass: David Ristau<\/p><p>\u00a0<\/p><p>Orgel: Helmut Brand<\/p><p>Orchester der Singakademie Stuttgart<\/p><p>\u00a0<\/p><p>Singakademie Stuttgart &#8211; Leitung: Stefan Weible<\/p>\t\t\t\t\t\t\t\t<\/div>\n\t\t\t\t<\/div>\n\t\t\t\t\t<\/div>\n\t\t<\/div>\n\t\t\t\t\t<\/div>\n\t\t<\/section>\n\t\t\t\t\t<\/div>\n\t\t<\/div>\n\t\t\t\t\t<\/div>\n\t\t<\/section>\n\t\t\t\t<section class=\"elementor-section elementor-top-section elementor-element elementor-element-7495b1cb elementor-section-boxed elementor-section-height-default elementor-section-height-default\" data-id=\"7495b1cb\" data-element_type=\"section\" data-e-type=\"section\" data-settings=\"{&quot;background_background&quot;:&quot;classic&quot;}\">\n\t\t\t\t\t\t<div class=\"elementor-container elementor-column-gap-wide\">\n\t\t\t\t\t<div class=\"elementor-column elementor-col-33 elementor-top-column elementor-element elementor-element-5f7a18d3\" data-id=\"5f7a18d3\" data-element_type=\"column\" data-e-type=\"column\">\n\t\t\t<div class=\"elementor-widget-wrap elementor-element-populated\">\n\t\t\t\t\t\t<div class=\"elementor-element elementor-element-119a8ae6 elementor-view-default elementor-widget elementor-widget-icon\" data-id=\"119a8ae6\" data-element_type=\"widget\" data-e-type=\"widget\" data-widget_type=\"icon.default\">\n\t\t\t\t<div class=\"elementor-widget-container\">\n\t\t\t\t\t\t\t<div class=\"elementor-icon-wrapper\">\n\t\t\t<div class=\"elementor-icon\">\n\t\t\t\t\t\t\t<i class=\"fa fa-institution\" aria-hidden=\"true\"><\/i>\n\t\t\t\t\t\t<\/div>\n\t\t<\/div>\n\t\t\t\t\t\t<\/div>\n\t\t\t\t<\/div>\n\t\t\t\t<div class=\"elementor-element elementor-element-3eef40d3 elementor-widget elementor-widget-text-editor\" data-id=\"3eef40d3\" data-element_type=\"widget\" data-e-type=\"widget\" data-widget_type=\"text-editor.default\">\n\t\t\t\t<div class=\"elementor-widget-container\">\n\t\t\t\t\t\t\t\t\t<p style=\"text-align: center;\">Stadtkirche<br \/><span class=\"LrzXr\">Ambrosius-Blarer-Stra\u00dfe 5<br \/>78532 Tuttlingen<\/span><\/p>\t\t\t\t\t\t\t\t<\/div>\n\t\t\t\t<\/div>\n\t\t\t\t\t<\/div>\n\t\t<\/div>\n\t\t\t\t<div class=\"elementor-column elementor-col-33 elementor-top-column elementor-element elementor-element-30b74826\" data-id=\"30b74826\" data-element_type=\"column\" data-e-type=\"column\">\n\t\t\t<div class=\"elementor-widget-wrap elementor-element-populated\">\n\t\t\t\t\t\t<div class=\"elementor-element elementor-element-7f419d6a elementor-view-default elementor-widget elementor-widget-icon\" data-id=\"7f419d6a\" data-element_type=\"widget\" data-e-type=\"widget\" data-widget_type=\"icon.default\">\n\t\t\t\t<div class=\"elementor-widget-container\">\n\t\t\t\t\t\t\t<div class=\"elementor-icon-wrapper\">\n\t\t\t<div class=\"elementor-icon\">\n\t\t\t\t\t\t\t<i class=\"fa fa-calendar\" aria-hidden=\"true\"><\/i>\n\t\t\t\t\t\t<\/div>\n\t\t<\/div>\n\t\t\t\t\t\t<\/div>\n\t\t\t\t<\/div>\n\t\t\t\t<div class=\"elementor-element elementor-element-4d7f6120 elementor-widget elementor-widget-text-editor\" data-id=\"4d7f6120\" data-element_type=\"widget\" data-e-type=\"widget\" data-widget_type=\"text-editor.default\">\n\t\t\t\t<div class=\"elementor-widget-container\">\n\t\t\t\t\t\t\t\t\t<p style=\"text-align: center;\">Karfreitag, 19. April 2019<br \/>Beginn: 17 Uhr<\/p>\t\t\t\t\t\t\t\t<\/div>\n\t\t\t\t<\/div>\n\t\t\t\t\t<\/div>\n\t\t<\/div>\n\t\t\t\t<div class=\"elementor-column elementor-col-33 elementor-top-column elementor-element elementor-element-38df9438\" data-id=\"38df9438\" data-element_type=\"column\" data-e-type=\"column\">\n\t\t\t<div class=\"elementor-widget-wrap elementor-element-populated\">\n\t\t\t\t\t\t<div class=\"elementor-element elementor-element-199bc321 elementor-view-default elementor-widget elementor-widget-icon\" data-id=\"199bc321\" data-element_type=\"widget\" data-e-type=\"widget\" data-widget_type=\"icon.default\">\n\t\t\t\t<div class=\"elementor-widget-container\">\n\t\t\t\t\t\t\t<div class=\"elementor-icon-wrapper\">\n\t\t\t<div class=\"elementor-icon\">\n\t\t\t\t\t\t\t<i class=\"fa fa-ticket\" aria-hidden=\"true\"><\/i>\n\t\t\t\t\t\t<\/div>\n\t\t<\/div>\n\t\t\t\t\t\t<\/div>\n\t\t\t\t<\/div>\n\t\t\t\t<div class=\"elementor-element elementor-element-01daf88 elementor-widget elementor-widget-text-editor\" data-id=\"01daf88\" data-element_type=\"widget\" data-e-type=\"widget\" data-widget_type=\"text-editor.default\">\n\t\t\t\t<div class=\"elementor-widget-container\">\n\t\t\t\t\t\t\t\t\t<p>Karten von 10 \u20ac bis 20 \u20ac an der Abendkasse erh\u00e4ltlich<\/p><p style=\"text-align: center;\">Sch\u00fcler, Studenten und Azubis haben freien Eintritt<\/p>\t\t\t\t\t\t\t\t<\/div>\n\t\t\t\t<\/div>\n\t\t\t\t\t<\/div>\n\t\t<\/div>\n\t\t\t\t\t<\/div>\n\t\t<\/section>\n\t\t\t\t<section class=\"elementor-section elementor-top-section elementor-element elementor-element-53cc0223 elementor-section-boxed elementor-section-height-default elementor-section-height-default\" data-id=\"53cc0223\" data-element_type=\"section\" data-e-type=\"section\">\n\t\t\t\t\t\t<div class=\"elementor-container elementor-column-gap-no\">\n\t\t\t\t\t<div class=\"elementor-column elementor-col-100 elementor-top-column elementor-element elementor-element-7da73ab4\" data-id=\"7da73ab4\" data-element_type=\"column\" data-e-type=\"column\">\n\t\t\t<div class=\"elementor-widget-wrap elementor-element-populated\">\n\t\t\t\t\t\t<div class=\"elementor-element elementor-element-3d2213d3 elementor-widget elementor-widget-google_maps\" data-id=\"3d2213d3\" data-element_type=\"widget\" data-e-type=\"widget\" data-widget_type=\"google_maps.default\">\n\t\t\t\t<div class=\"elementor-widget-container\">\n\t\t\t\t\t\t\t<div class=\"elementor-custom-embed\">\n\t\t\t<iframe loading=\"lazy\"\n\t\t\t\t\tsrc=\"https:\/\/maps.google.com\/maps?q=Evangelische%20Stadtkirche%2C%20Ambrosius-Blarer-Stra%C3%9Fe%205%2C%2078532%20Tuttlingen&#038;t=m&#038;z=10&#038;output=embed&#038;iwloc=near\"\n\t\t\t\t\ttitle=\"Evangelische Stadtkirche, Ambrosius-Blarer-Stra\u00dfe 5, 78532 Tuttlingen\"\n\t\t\t\t\taria-label=\"Evangelische Stadtkirche, Ambrosius-Blarer-Stra\u00dfe 5, 78532 Tuttlingen\"\n\t\t\t><\/iframe>\n\t\t<\/div>\n\t\t\t\t\t\t<\/div>\n\t\t\t\t<\/div>\n\t\t\t\t\t<\/div>\n\t\t<\/div>\n\t\t\t\t\t<\/div>\n\t\t<\/section>\n\t\t\t\t<\/div>\n\t\t","protected":false},"excerpt":{"rendered":"<p>Unser Leben ist ein Schatten Passionskonzert der Singakademie Stuttgartmit Werken von Bach, Steffani, Rheinberger und Spohr Programm Johann Bach (1604-1673):Unser Leben ist ein Schatten &#8211; f\u00fcr zwei Ch\u00f6re und Basso continuo Joseph Rheinberger (1839-1901):Stabat Mater &#8211; f\u00fcr vierstimmigen Chor, Streicher und gro\u00dfe Orgel Agostino Steffani (1654-1728):Stabat Mater &#8211; f\u00fcr Soli, sechsstimmigen Chor, Streicher und Basso &hellip; <\/p>\n<p class=\"link-more\"><a href=\"https:\/\/www.singakademie-stuttgart.de\/index.php\/konzerte\/19-04-2019-stadtkirche-tuttlingen\/\" class=\"more-link\"><span class=\"screen-reader-text\">\u201e19.04.2019 &#8211; Stadtkirche Tuttlingen\u201c<\/span> weiterlesen<\/a><\/p>\n","protected":false},"author":3,"featured_media":0,"parent":35,"menu_order":1920,"comment_status":"closed","ping_status":"closed","template":"","meta":{"footnotes":""},"class_list":["post-1458","page","type-page","status-publish","hentry"],"_links":{"self":[{"href":"https:\/\/www.singakademie-stuttgart.de\/index.php\/wp-json\/wp\/v2\/pages\/1458","targetHints":{"allow":["GET"]}}],"collection":[{"href":"https:\/\/www.singakademie-stuttgart.de\/index.php\/wp-json\/wp\/v2\/pages"}],"about":[{"href":"https:\/\/www.singakademie-stuttgart.de\/index.php\/wp-json\/wp\/v2\/types\/page"}],"author":[{"embeddable":true,"href":"https:\/\/www.singakademie-stuttgart.de\/index.php\/wp-json\/wp\/v2\/users\/3"}],"replies":[{"embeddable":true,"href":"https:\/\/www.singakademie-stuttgart.de\/index.php\/wp-json\/wp\/v2\/comments?post=1458"}],"version-history":[{"count":5,"href":"https:\/\/www.singakademie-stuttgart.de\/index.php\/wp-json\/wp\/v2\/pages\/1458\/revisions"}],"predecessor-version":[{"id":1674,"href":"https:\/\/www.singakademie-stuttgart.de\/index.php\/wp-json\/wp\/v2\/pages\/1458\/revisions\/1674"}],"up":[{"embeddable":true,"href":"https:\/\/www.singakademie-stuttgart.de\/index.php\/wp-json\/wp\/v2\/pages\/35"}],"wp:attachment":[{"href":"https:\/\/www.singakademie-stuttgart.de\/index.php\/wp-json\/wp\/v2\/media?parent=1458"}],"curies":[{"name":"wp","href":"https:\/\/api.w.org\/{rel}","templated":true}]}}